{"id":947,"date":"2021-10-19T17:29:47","date_gmt":"2021-10-19T15:29:47","guid":{"rendered":"https:\/\/scot.capexcellence.net\/?page_id=947"},"modified":"2021-10-27T01:06:08","modified_gmt":"2021-10-26T23:06:08","slug":"diagnostic-du-territoire","status":"publish","type":"page","link":"https:\/\/scot.capexcellence.net\/index.php\/diagnostic-du-territoire\/","title":{"rendered":"Diagnostic du territoire"},"content":{"rendered":"\t\t<div data-elementor-type=\"wp-page\" data-elementor-id=\"947\" class=\"elementor elementor-947\" data-elementor-settings=\"[]\">\n\t\t\t\t\t\t\t<div class=\"elementor-section-wrap\">\n\t\t\t\t\t\t\t<section class=\"elementor-section elementor-top-section elementor-element elementor-element-0c61d66 elementor-section-boxed elementor-section-height-default elementor-section-height-default\" data-id=\"0c61d66\" data-element_type=\"section\">\n\t\t\t\t\t\t<div class=\"elementor-container elementor-column-gap-default\">\n\t\t\t\t\t<div class=\"elementor-column elementor-col-100 elementor-top-column elementor-element elementor-element-009660c\" data-id=\"009660c\" data-element_type=\"column\">\n\t\t\t<div class=\"elementor-widget-wrap elementor-element-populated\">\n\t\t\t\t\t\t\t\t<div class=\"elementor-element elementor-element-c198209 elementor-widget elementor-widget-text-editor\" data-id=\"c198209\" data-element_type=\"widget\" data-widget_type=\"text-editor.default\">\n\t\t\t\t<div class=\"elementor-widget-container\">\n\t\t\t\t\t\t\t<ul><li><a href=\"https:\/\/scot.capexcellence.net\/wp-content\/uploads\/2021\/03\/Presentation-Reunion-Concertation-PdT-et-SCOT-du-12.12.2018.pdf\" target=\"_blank\" rel=\"noopener\">Presentation R\u00e9union Concertation PdT et SCOT du 12.12.2018<\/a><\/li><li><a href=\"https:\/\/scot.capexcellence.net\/wp-content\/uploads\/2021\/03\/Presentation-Reunion-Concertation-PdT-et-SCOT-du-19.12.2018-V2.pdf\" target=\"_blank\" rel=\"noopener\">Presentation R\u00e9union Concertation PdT et SCOT du 19.12.2018 V2<\/a><\/li><li><a href=\"https:\/\/scot.capexcellence.net\/wp-content\/uploads\/2021\/03\/Presentation-Reunion-Concertation-PdT-et-SCOT-du-20.02.2019.pdf\" target=\"_blank\" rel=\"noopener\">Presentation R\u00e9union Concertation PdT et SCOT du 20.02.2019<\/a><\/li><li><a href=\"https:\/\/scot.capexcellence.net\/wp-content\/uploads\/2021\/03\/Support_Presentation_V4.pdf\">Support_Presentation_V4<\/a><\/li><\/ul>\t\t\t\t\t\t<\/div>\n\t\t\t\t<\/div>\n\t\t\t\t\t<\/div>\n\t\t<\/div>\n\t\t\t\t\t\t\t<\/div>\n\t\t<\/section>\n\t\t\t\t\t\t<\/div>\n\t\t\t\t\t<\/div>\n\t\t","protected":false},"excerpt":{"rendered":"<p>Presentation R\u00e9union Concertation PdT et SCOT du 12.12.2018 Presentation R\u00e9union Concertation PdT et SCOT du 19.12.2018 V2 Presentation R\u00e9union Concertation PdT et SCOT du 20.02.2019 Support_Presentation_V4<\/p>\n","protected":false},"author":3,"featured_media":0,"parent":0,"menu_order":0,"comment_status":"closed","ping_status":"closed","template":"","meta":{"footnotes":""},"class_list":["post-947","page","type-page","status-publish","hentry"],"_links":{"self":[{"href":"https:\/\/scot.capexcellence.net\/index.php\/wp-json\/wp\/v2\/pages\/947","targetHints":{"allow":["GET"]}}],"collection":[{"href":"https:\/\/scot.capexcellence.net\/index.php\/wp-json\/wp\/v2\/pages"}],"about":[{"href":"https:\/\/scot.capexcellence.net\/index.php\/wp-json\/wp\/v2\/types\/page"}],"author":[{"embeddable":true,"href":"https:\/\/scot.capexcellence.net\/index.php\/wp-json\/wp\/v2\/users\/3"}],"replies":[{"embeddable":true,"href":"https:\/\/scot.capexcellence.net\/index.php\/wp-json\/wp\/v2\/comments?post=947"}],"version-history":[{"count":5,"href":"https:\/\/scot.capexcellence.net\/index.php\/wp-json\/wp\/v2\/pages\/947\/revisions"}],"predecessor-version":[{"id":1005,"href":"https:\/\/scot.capexcellence.net\/index.php\/wp-json\/wp\/v2\/pages\/947\/revisions\/1005"}],"wp:attachment":[{"href":"https:\/\/scot.capexcellence.net\/index.php\/wp-json\/wp\/v2\/media?parent=947"}],"curies":[{"name":"wp","href":"https:\/\/api.w.org\/{rel}","templated":true}]}}