{"id":776,"date":"2021-06-23T20:58:42","date_gmt":"2021-06-23T18:58:42","guid":{"rendered":"https:\/\/scot.capexcellence.net\/?page_id=776"},"modified":"2022-04-07T01:41:46","modified_gmt":"2022-04-06T23:41:46","slug":"sinscrire-en-ligne","status":"publish","type":"page","link":"https:\/\/scot.capexcellence.net\/index.php\/sinscrire-en-ligne\/","title":{"rendered":"S&rsquo;inscrire en ligne"},"content":{"rendered":"\t\t<div data-elementor-type=\"wp-page\" data-elementor-id=\"776\" class=\"elementor elementor-776\" data-elementor-settings=\"[]\">\n\t\t\t\t\t\t\t<div class=\"elementor-section-wrap\">\n\t\t\t\t\t\t\t<section class=\"elementor-section elementor-top-section elementor-element elementor-element-b10f753 elementor-section-boxed elementor-section-height-default elementor-section-height-default\" data-id=\"b10f753\" data-element_type=\"section\">\n\t\t\t\t\t\t<div class=\"elementor-container elementor-column-gap-default\">\n\t\t\t\t\t<div class=\"elementor-column elementor-col-100 elementor-top-column elementor-element elementor-element-9896a09\" data-id=\"9896a09\" data-element_type=\"column\">\n\t\t\t<div class=\"elementor-widget-wrap elementor-element-populated\">\n\t\t\t\t\t\t\t\t<div class=\"elementor-element elementor-element-daf3365 elementor-widget elementor-widget-raven-form\" data-id=\"daf3365\" data-element_type=\"widget\" data-settings=\"{&quot;fields&quot;:[{&quot;label&quot;:&quot;Nom&quot;,&quot;placeholder&quot;:&quot;Nom&quot;,&quot;_id&quot;:&quot;a8df066&quot;,&quot;acceptance_text&quot;:null,&quot;type&quot;:&quot;text&quot;,&quot;recaptcha_badge&quot;:null,&quot;recaptcha_theme&quot;:null,&quot;recaptcha_size&quot;:null,&quot;checked_by_default&quot;:null,&quot;min_time&quot;:null,&quot;max_time&quot;:null,&quot;min_date&quot;:null,&quot;max_date&quot;:null,&quot;localization&quot;:null,&quot;min&quot;:null,&quot;max&quot;:null,&quot;field_options&quot;:null,&quot;inline_list&quot;:null,&quot;native_html5&quot;:null,&quot;multiple_selection&quot;:null,&quot;rows&quot;:null,&quot;required&quot;:&quot;&quot;,&quot;width&quot;:&quot;100&quot;,&quot;width_tablet&quot;:&quot;&quot;,&quot;width_mobile&quot;:&quot;&quot;},{&quot;label&quot;:&quot;Pr\\u00e9nom&quot;,&quot;placeholder&quot;:&quot;Pr\\u00e9nom&quot;,&quot;acceptance_text&quot;:null,&quot;_id&quot;:&quot;90dd755&quot;,&quot;type&quot;:&quot;text&quot;,&quot;recaptcha_badge&quot;:null,&quot;recaptcha_theme&quot;:null,&quot;recaptcha_size&quot;:null,&quot;checked_by_default&quot;:null,&quot;min_time&quot;:null,&quot;max_time&quot;:null,&quot;min_date&quot;:null,&quot;max_date&quot;:null,&quot;localization&quot;:null,&quot;min&quot;:null,&quot;max&quot;:null,&quot;field_options&quot;:null,&quot;inline_list&quot;:null,&quot;native_html5&quot;:null,&quot;multiple_selection&quot;:null,&quot;rows&quot;:null,&quot;required&quot;:&quot;&quot;,&quot;width&quot;:&quot;100&quot;,&quot;width_tablet&quot;:&quot;&quot;,&quot;width_mobile&quot;:&quot;&quot;},{&quot;label&quot;:&quot;Commune de r\\u00e9sidence&quot;,&quot;placeholder&quot;:&quot;Commune de r\\u00e9sidence&quot;,&quot;acceptance_text&quot;:null,&quot;_id&quot;:&quot;1799c76&quot;,&quot;type&quot;:&quot;text&quot;,&quot;recaptcha_badge&quot;:null,&quot;recaptcha_theme&quot;:null,&quot;recaptcha_size&quot;:null,&quot;checked_by_default&quot;:null,&quot;min_time&quot;:null,&quot;max_time&quot;:null,&quot;min_date&quot;:null,&quot;max_date&quot;:null,&quot;localization&quot;:null,&quot;min&quot;:null,&quot;max&quot;:null,&quot;field_options&quot;:null,&quot;inline_list&quot;:null,&quot;native_html5&quot;:null,&quot;multiple_selection&quot;:null,&quot;rows&quot;:null,&quot;required&quot;:&quot;&quot;,&quot;width&quot;:&quot;100&quot;,&quot;width_tablet&quot;:&quot;&quot;,&quot;width_mobile&quot;:&quot;&quot;},{&quot;label&quot;:&quot;Email&quot;,&quot;type&quot;:&quot;email&quot;,&quot;placeholder&quot;:&quot;Email&quot;,&quot;required&quot;:&quot;true&quot;,&quot;_id&quot;:&quot;7bde946&quot;,&quot;acceptance_text&quot;:null,&quot;recaptcha_badge&quot;:null,&quot;recaptcha_theme&quot;:null,&quot;recaptcha_size&quot;:null,&quot;checked_by_default&quot;:null,&quot;min_time&quot;:null,&quot;max_time&quot;:null,&quot;min_date&quot;:null,&quot;max_date&quot;:null,&quot;localization&quot;:null,&quot;min&quot;:null,&quot;max&quot;:null,&quot;field_options&quot;:null,&quot;inline_list&quot;:null,&quot;native_html5&quot;:null,&quot;multiple_selection&quot;:null,&quot;rows&quot;:null,&quot;width&quot;:&quot;100&quot;,&quot;width_tablet&quot;:&quot;&quot;,&quot;width_mobile&quot;:&quot;&quot;},{&quot;label&quot;:&quot;Cat\\u00e9gorie&quot;,&quot;type&quot;:&quot;select&quot;,&quot;placeholder&quot;:null,&quot;acceptance_text&quot;:null,&quot;field_options&quot;:&quot;R\\u00e9sident\\nAssociation\\nChef d&#039;entreprise\\nArtisans\\nAgriculteurs\\nEtudiants\\nSalari\\u00e9s ( publique\\\/priv\\u00e9 )\\n&quot;,&quot;_id&quot;:&quot;ce3c219&quot;,&quot;recaptcha_badge&quot;:null,&quot;recaptcha_theme&quot;:null,&quot;recaptcha_size&quot;:null,&quot;checked_by_default&quot;:null,&quot;min_time&quot;:null,&quot;max_time&quot;:null,&quot;min_date&quot;:null,&quot;max_date&quot;:null,&quot;localization&quot;:null,&quot;min&quot;:null,&quot;max&quot;:null,&quot;inline_list&quot;:null,&quot;native_html5&quot;:null,&quot;multiple_selection&quot;:&quot;&quot;,&quot;rows&quot;:null,&quot;required&quot;:&quot;&quot;,&quot;width&quot;:&quot;100&quot;,&quot;width_tablet&quot;:&quot;&quot;,&quot;width_mobile&quot;:&quot;&quot;},{&quot;label&quot;:&quot;Webinaire&quot;,&quot;type&quot;:&quot;select&quot;,&quot;placeholder&quot;:null,&quot;_id&quot;:&quot;6e91a7d&quot;,&quot;acceptance_text&quot;:null,&quot;field_options&quot;:&quot;Lundi 28.03.2022\\n\\nMardi 29.03.2022\\n\\nMercredi 30.03.2022\\n\\nJeudi 31.03.2022\\n\\nVendredi 01.04.2022\\n\\nLundi 04.04.2022&quot;,&quot;recaptcha_badge&quot;:null,&quot;recaptcha_theme&quot;:null,&quot;recaptcha_size&quot;:null,&quot;checked_by_default&quot;:null,&quot;min_time&quot;:null,&quot;max_time&quot;:null,&quot;min_date&quot;:null,&quot;max_date&quot;:null,&quot;localization&quot;:null,&quot;min&quot;:null,&quot;max&quot;:null,&quot;inline_list&quot;:null,&quot;native_html5&quot;:null,&quot;multiple_selection&quot;:&quot;&quot;,&quot;rows&quot;:null,&quot;required&quot;:&quot;&quot;,&quot;width&quot;:&quot;100&quot;,&quot;width_tablet&quot;:&quot;&quot;,&quot;width_mobile&quot;:&quot;&quot;},{&quot;_id&quot;:&quot;1f9855b&quot;,&quot;type&quot;:&quot;radio&quot;,&quot;label&quot;:&quot;Participera&quot;,&quot;acceptance_text&quot;:null,&quot;field_options&quot;:&quot;Oui\\nNon&quot;,&quot;placeholder&quot;:null,&quot;recaptcha_badge&quot;:null,&quot;recaptcha_theme&quot;:null,&quot;recaptcha_size&quot;:null,&quot;checked_by_default&quot;:null,&quot;min_time&quot;:null,&quot;max_time&quot;:null,&quot;min_date&quot;:null,&quot;max_date&quot;:null,&quot;localization&quot;:null,&quot;min&quot;:null,&quot;max&quot;:null,&quot;inline_list&quot;:&quot;&quot;,&quot;native_html5&quot;:null,&quot;multiple_selection&quot;:null,&quot;rows&quot;:null,&quot;required&quot;:&quot;&quot;,&quot;width&quot;:&quot;100&quot;,&quot;width_tablet&quot;:&quot;&quot;,&quot;width_mobile&quot;:&quot;&quot;},{&quot;_id&quot;:&quot;b9dbc2d&quot;,&quot;type&quot;:&quot;textarea&quot;,&quot;label&quot;:&quot;Vos remarques et questions&quot;,&quot;placeholder&quot;:&quot;Vos remarques et questions&quot;,&quot;acceptance_text&quot;:null,&quot;recaptcha_badge&quot;:null,&quot;recaptcha_theme&quot;:null,&quot;recaptcha_size&quot;:null,&quot;checked_by_default&quot;:null,&quot;min_time&quot;:null,&quot;max_time&quot;:null,&quot;min_date&quot;:null,&quot;max_date&quot;:null,&quot;localization&quot;:null,&quot;min&quot;:null,&quot;max&quot;:null,&quot;field_options&quot;:null,&quot;inline_list&quot;:null,&quot;native_html5&quot;:null,&quot;multiple_selection&quot;:null,&quot;rows&quot;:5,&quot;required&quot;:&quot;&quot;,&quot;width&quot;:&quot;100&quot;,&quot;width_tablet&quot;:&quot;&quot;,&quot;width_mobile&quot;:&quot;&quot;}]}\" data-widget_type=\"raven-form.default\">\n\t\t\t\t<div class=\"elementor-widget-container\">\n\t\t\t\t\t<form class=\"raven-form raven-flex raven-flex-wrap raven-flex-bottom raven-hide-required-mark\" method=\"post\" name=\"New form\">\n\t\t\t<input type=\"hidden\" name=\"post_id\" value=\"776\" \/>\n\t\t\t<input type=\"hidden\" name=\"form_id\" value=\"daf3365\" \/>\n\t\t\t\t\t<div id=\"raven-field-group-a8df066\" class=\"raven-flex-wrap raven-field-type-text raven-field-group elementor-column elementor-col-100\">\n\t\t\t\t\t<label\n\t\t\tfor=\"form-field-a8df066\"\n\t\t\tclass=\"raven-field-label\">\n\t\t\tNom\t\t\t<\/label>\n\t\t\t\t<input\n\t\t\toninput=\"onInvalidRavenFormField(event)\"\n\t\t\toninvalid=\"onInvalidRavenFormField(event)\"\n\t\t\ttype=\"text\" name=\"fields[a8df066]\" id=\"form-field-a8df066\" class=\"raven-field\" placeholder=\"Nom\" data-type=\"text\">\n\t\t\t\t<\/div>\n\t\t\t\t<div id=\"raven-field-group-90dd755\" class=\"raven-flex-wrap raven-field-type-text raven-field-group elementor-column elementor-col-100\">\n\t\t\t\t\t<label\n\t\t\tfor=\"form-field-90dd755\"\n\t\t\tclass=\"raven-field-label\">\n\t\t\tPr\u00e9nom\t\t\t<\/label>\n\t\t\t\t<input\n\t\t\toninput=\"onInvalidRavenFormField(event)\"\n\t\t\toninvalid=\"onInvalidRavenFormField(event)\"\n\t\t\ttype=\"text\" name=\"fields[90dd755]\" id=\"form-field-90dd755\" class=\"raven-field\" placeholder=\"Pr\u00e9nom\" data-type=\"text\">\n\t\t\t\t<\/div>\n\t\t\t\t<div id=\"raven-field-group-1799c76\" class=\"raven-flex-wrap raven-field-type-text raven-field-group elementor-column elementor-col-100\">\n\t\t\t\t\t<label\n\t\t\tfor=\"form-field-1799c76\"\n\t\t\tclass=\"raven-field-label\">\n\t\t\tCommune de r\u00e9sidence\t\t\t<\/label>\n\t\t\t\t<input\n\t\t\toninput=\"onInvalidRavenFormField(event)\"\n\t\t\toninvalid=\"onInvalidRavenFormField(event)\"\n\t\t\ttype=\"text\" name=\"fields[1799c76]\" id=\"form-field-1799c76\" class=\"raven-field\" placeholder=\"Commune de r\u00e9sidence\" data-type=\"text\">\n\t\t\t\t<\/div>\n\t\t\t\t<div id=\"raven-field-group-7bde946\" class=\"raven-flex-wrap raven-field-type-email raven-field-group elementor-column elementor-col-100 raven-field-required\">\n\t\t\t\t\t<label\n\t\t\tfor=\"form-field-7bde946\"\n\t\t\tclass=\"raven-field-label\">\n\t\t\tEmail\t\t\t<\/label>\n\t\t\t\t<input\n\t\t\toninput=\"onInvalidRavenFormField(event)\"\n\t\t\toninvalid=\"onInvalidRavenFormField(event)\"\n\t\t\ttype=\"email\" name=\"fields[7bde946]\" id=\"form-field-7bde946\" class=\"raven-field\" placeholder=\"Email\" data-type=\"email\" required=\"required\">\n\t\t\t\t<\/div>\n\t\t\t\t<div id=\"raven-field-group-ce3c219\" class=\"raven-flex-wrap raven-field-type-select raven-field-group elementor-column elementor-col-100\">\n\t\t\t\t\t<label\n\t\t\tfor=\"form-field-ce3c219\"\n\t\t\tclass=\"raven-field-label\">\n\t\t\tCat\u00e9gorie\t\t\t<\/label>\n\t\t\t\t<div class=\"raven-field-subgroup\">\n\t\t<i aria-hidden=\"true\" class=\"raven-field-select-arrow fas fa-angle-down\"><\/i><select oninput=\"onInvalidRavenFormField(event)\" oninvalid=\"onInvalidRavenFormField(event)\" type=\"select\" name=\"fields[ce3c219]\" id=\"form-field-ce3c219\" class=\"raven-field\" placeholder=\"\" data-type=\"select\"><option value=\"R\u00e9sident\">R\u00e9sident<\/option><option value=\"Association\">Association<\/option><option value=\"Chef d&#039;entreprise\">Chef d'entreprise<\/option><option value=\"Artisans\">Artisans<\/option><option value=\"Agriculteurs\">Agriculteurs<\/option><option value=\"Etudiants\">Etudiants<\/option><option value=\"Salari\u00e9s ( publique\/priv\u00e9 )\">Salari\u00e9s ( publique\/priv\u00e9 )<\/option><\/select><\/div>\t\t<\/div>\n\t\t\t\t<div id=\"raven-field-group-6e91a7d\" class=\"raven-flex-wrap raven-field-type-select raven-field-group elementor-column elementor-col-100\">\n\t\t\t\t\t<label\n\t\t\tfor=\"form-field-6e91a7d\"\n\t\t\tclass=\"raven-field-label\">\n\t\t\tWebinaire\t\t\t<\/label>\n\t\t\t\t<div class=\"raven-field-subgroup\">\n\t\t<i aria-hidden=\"true\" class=\"raven-field-select-arrow fas fa-angle-down\"><\/i><select oninput=\"onInvalidRavenFormField(event)\" oninvalid=\"onInvalidRavenFormField(event)\" type=\"select\" name=\"fields[6e91a7d]\" id=\"form-field-6e91a7d\" class=\"raven-field\" placeholder=\"\" data-type=\"select\"><option value=\"Lundi 28.03.2022\">Lundi 28.03.2022<\/option><option value=\"Mardi 29.03.2022\">Mardi 29.03.2022<\/option><option value=\"Mercredi 30.03.2022\">Mercredi 30.03.2022<\/option><option value=\"Jeudi 31.03.2022\">Jeudi 31.03.2022<\/option><option value=\"Vendredi 01.04.2022\">Vendredi 01.04.2022<\/option><option value=\"Lundi 04.04.2022\">Lundi 04.04.2022<\/option><\/select><\/div>\t\t<\/div>\n\t\t\t\t<div id=\"raven-field-group-1f9855b\" class=\"raven-flex-wrap raven-field-type-radio raven-field-group elementor-column elementor-col-100\">\n\t\t\t\t\t<label\n\t\t\tfor=\"form-field-1f9855b\"\n\t\t\tclass=\"raven-field-label\">\n\t\t\tParticipera\t\t\t<\/label>\n\t\t<div class=\"raven-field-subgroup \"><span class=\"raven-field-option\"><input type=\"radio\" value=\"Oui\" id=\"form-field-1f9855b-0\" name=\"fields[1f9855b][]\"  class=\"raven-field\"> <label for=\"form-field-1f9855b-0\" class=\"raven-field-label raven-field-option-label\">Oui<\/label><\/span><span class=\"raven-field-option\"><input type=\"radio\" value=\"Non\" id=\"form-field-1f9855b-1\" name=\"fields[1f9855b][]\"  class=\"raven-field\"> <label for=\"form-field-1f9855b-1\" class=\"raven-field-label raven-field-option-label\">Non<\/label><\/span><\/div>\t\t<\/div>\n\t\t\t\t<div id=\"raven-field-group-b9dbc2d\" class=\"raven-flex-wrap raven-field-type-textarea raven-field-group elementor-column elementor-col-100\">\n\t\t\t\t\t<label\n\t\t\tfor=\"form-field-b9dbc2d\"\n\t\t\tclass=\"raven-field-label\">\n\t\t\tVos remarques et questions\t\t\t<\/label>\n\t\t\t\t<textarea\n\t\t\toninput=\"onInvalidRavenFormField(event)\"\n\t\t\toninvalid=\"onInvalidRavenFormField(event)\"\n\t\t\ttype=\"textarea\" name=\"fields[b9dbc2d]\" id=\"form-field-b9dbc2d\" class=\"raven-field\" placeholder=\"Vos remarques et questions\" data-type=\"textarea\"\t\t\trows=\"5\"><\/textarea>\n\t\t\t\t<\/div>\n\t\t\t\t\t<div class=\"raven-field-group raven-field-type-submit-button elementor-column elementor-col-100 justify\">\n\t\t\t\t<button type=\"submit\" class=\"raven-submit-button\">\n\t\t\t\t\t\t\t\t\t\t<span>Envoyer<\/span>\n\t\t\t\t<\/button>\n\t\t\t<\/div>\n\t\t<\/form>\n\n\t\t\t\t<\/div>\n\t\t\t\t<\/div>\n\t\t\t\t\t<\/div>\n\t\t<\/div>\n\t\t\t\t\t\t\t<\/div>\n\t\t<\/section>\n\t\t\t\t\t\t<\/div>\n\t\t\t\t\t<\/div>\n\t\t","protected":false},"excerpt":{"rendered":"<p>Nom Pr\u00e9nom Commune de r\u00e9sidence Email Cat\u00e9gorie R\u00e9sidentAssociationChef d&rsquo;entrepriseArtisansAgriculteursEtudiantsSalari\u00e9s ( publique\/priv\u00e9 ) Webinaire Lundi 28.03.2022Mardi 29.03.2022Mercredi 30.03.2022Jeudi 31.03.2022Vendredi 01.04.2022Lundi 04.04.2022 Participera Oui Non Vos remarques et questions Envoyer<\/p>\n","protected":false},"author":1,"featured_media":0,"parent":0,"menu_order":0,"comment_status":"closed","ping_status":"closed","template":"","meta":{"footnotes":""},"class_list":["post-776","page","type-page","status-publish","hentry"],"_links":{"self":[{"href":"https:\/\/scot.capexcellence.net\/index.php\/wp-json\/wp\/v2\/pages\/776","targetHints":{"allow":["GET"]}}],"collection":[{"href":"https:\/\/scot.capexcellence.net\/index.php\/wp-json\/wp\/v2\/pages"}],"about":[{"href":"https:\/\/scot.capexcellence.net\/index.php\/wp-json\/wp\/v2\/types\/page"}],"author":[{"embeddable":true,"href":"https:\/\/scot.capexcellence.net\/index.php\/wp-json\/wp\/v2\/users\/1"}],"replies":[{"embeddable":true,"href":"https:\/\/scot.capexcellence.net\/index.php\/wp-json\/wp\/v2\/comments?post=776"}],"version-history":[{"count":22,"href":"https:\/\/scot.capexcellence.net\/index.php\/wp-json\/wp\/v2\/pages\/776\/revisions"}],"predecessor-version":[{"id":1324,"href":"https:\/\/scot.capexcellence.net\/index.php\/wp-json\/wp\/v2\/pages\/776\/revisions\/1324"}],"wp:attachment":[{"href":"https:\/\/scot.capexcellence.net\/index.php\/wp-json\/wp\/v2\/media?parent=776"}],"curies":[{"name":"wp","href":"https:\/\/api.w.org\/{rel}","templated":true}]}}