{"id":677,"date":"2021-06-08T14:58:18","date_gmt":"2021-06-08T12:58:18","guid":{"rendered":"https:\/\/scot.capexcellence.net\/?page_id=677"},"modified":"2021-06-08T15:32:38","modified_gmt":"2021-06-08T13:32:38","slug":"site-de-references","status":"publish","type":"page","link":"https:\/\/scot.capexcellence.net\/index.php\/site-de-references\/","title":{"rendered":"Sites de r\u00e9f\u00e9rence"},"content":{"rendered":"\t\t<div data-elementor-type=\"wp-page\" data-elementor-id=\"677\" class=\"elementor elementor-677\" data-elementor-settings=\"[]\">\n\t\t\t\t\t\t\t<div class=\"elementor-section-wrap\">\n\t\t\t\t\t\t\t<section class=\"elementor-section elementor-top-section elementor-element elementor-element-0c61d66 elementor-section-boxed elementor-section-height-default elementor-section-height-default\" data-id=\"0c61d66\" data-element_type=\"section\">\n\t\t\t\t\t\t<div class=\"elementor-container elementor-column-gap-default\">\n\t\t\t\t\t<div class=\"elementor-column elementor-col-100 elementor-top-column elementor-element elementor-element-009660c\" data-id=\"009660c\" data-element_type=\"column\">\n\t\t\t<div class=\"elementor-widget-wrap elementor-element-populated\">\n\t\t\t\t\t\t\t\t<div class=\"elementor-element elementor-element-c198209 elementor-widget elementor-widget-text-editor\" data-id=\"c198209\" data-element_type=\"widget\" data-widget_type=\"text-editor.default\">\n\t\t\t\t<div class=\"elementor-widget-container\">\n\t\t\t\t\t\t\t<p><a href=\"https:\/\/www.cohesion-territoires.gouv.fr\/le-scot-un-projet-strategique-partage-pour-lamenagement-dun-territoire\" target=\"_blank\" rel=\"noopener\">Minist\u00e8res de la Coh\u00e9sion des Territoires et des Relations avec les Collectivit\u00e9s Territoriales<\/a><\/p><p>Scot : Un projet strat\u00e9gique partag\u00e9 pour l&rsquo;am\u00e9nagement d&rsquo;un territoire<\/p><p><a href=\"http:\/\/www.fedescot.org\" target=\"_blank\" rel=\"noopener\">F\u00e9d\u00e9ration des SCOT<\/a><\/p><p><a href=\"http:\/\/outil2amenagement.cerema.fr\/le-schema-de-coherence-territoriale-scot-r402.html\" target=\"_blank\" rel=\"noopener\">Outils de l&rsquo;am\u00e9nagement du CEREMA<\/a><\/p><p>\u00a0<\/p>\t\t\t\t\t\t<\/div>\n\t\t\t\t<\/div>\n\t\t\t\t\t<\/div>\n\t\t<\/div>\n\t\t\t\t\t\t\t<\/div>\n\t\t<\/section>\n\t\t\t\t\t\t<\/div>\n\t\t\t\t\t<\/div>\n\t\t","protected":false},"excerpt":{"rendered":"<p>Minist\u00e8res de la Coh\u00e9sion des Territoires et des Relations avec les Collectivit\u00e9s Territoriales Scot : Un projet strat\u00e9gique partag\u00e9 pour l&rsquo;am\u00e9nagement d&rsquo;un territoire F\u00e9d\u00e9ration des SCOT Outils de l&rsquo;am\u00e9nagement du CEREMA \u00a0<\/p>\n","protected":false},"author":1,"featured_media":0,"parent":0,"menu_order":0,"comment_status":"closed","ping_status":"closed","template":"","meta":{"footnotes":""},"class_list":["post-677","page","type-page","status-publish","hentry"],"_links":{"self":[{"href":"https:\/\/scot.capexcellence.net\/index.php\/wp-json\/wp\/v2\/pages\/677","targetHints":{"allow":["GET"]}}],"collection":[{"href":"https:\/\/scot.capexcellence.net\/index.php\/wp-json\/wp\/v2\/pages"}],"about":[{"href":"https:\/\/scot.capexcellence.net\/index.php\/wp-json\/wp\/v2\/types\/page"}],"author":[{"embeddable":true,"href":"https:\/\/scot.capexcellence.net\/index.php\/wp-json\/wp\/v2\/users\/1"}],"replies":[{"embeddable":true,"href":"https:\/\/scot.capexcellence.net\/index.php\/wp-json\/wp\/v2\/comments?post=677"}],"version-history":[{"count":5,"href":"https:\/\/scot.capexcellence.net\/index.php\/wp-json\/wp\/v2\/pages\/677\/revisions"}],"predecessor-version":[{"id":695,"href":"https:\/\/scot.capexcellence.net\/index.php\/wp-json\/wp\/v2\/pages\/677\/revisions\/695"}],"wp:attachment":[{"href":"https:\/\/scot.capexcellence.net\/index.php\/wp-json\/wp\/v2\/media?parent=677"}],"curies":[{"name":"wp","href":"https:\/\/api.w.org\/{rel}","templated":true}]}}