{"id":675,"date":"2021-06-08T14:54:39","date_gmt":"2021-06-08T12:54:39","guid":{"rendered":"https:\/\/scot.capexcellence.net\/?page_id=675"},"modified":"2021-10-26T14:09:53","modified_gmt":"2021-10-26T12:09:53","slug":"references-legislatives","status":"publish","type":"page","link":"https:\/\/scot.capexcellence.net\/index.php\/references-legislatives\/","title":{"rendered":"R\u00e9f\u00e9rences L\u00e9gislatives"},"content":{"rendered":"\t\t<div data-elementor-type=\"wp-page\" data-elementor-id=\"675\" class=\"elementor elementor-675\" data-elementor-settings=\"[]\">\n\t\t\t\t\t\t\t<div class=\"elementor-section-wrap\">\n\t\t\t\t\t\t\t<section class=\"elementor-section elementor-top-section elementor-element elementor-element-0c61d66 elementor-section-boxed elementor-section-height-default elementor-section-height-default\" data-id=\"0c61d66\" data-element_type=\"section\">\n\t\t\t\t\t\t<div class=\"elementor-container elementor-column-gap-default\">\n\t\t\t\t\t<div class=\"elementor-column elementor-col-100 elementor-top-column elementor-element elementor-element-009660c\" data-id=\"009660c\" data-element_type=\"column\">\n\t\t\t<div class=\"elementor-widget-wrap elementor-element-populated\">\n\t\t\t\t\t\t\t\t<div class=\"elementor-element elementor-element-c198209 elementor-widget elementor-widget-text-editor\" data-id=\"c198209\" data-element_type=\"widget\" data-widget_type=\"text-editor.default\">\n\t\t\t\t<div class=\"elementor-widget-container\">\n\t\t\t\t\t\t\t<ul><li><a href=\"http:\/\/lpholding.light-touch.fr\/wp-content\/uploads\/2021\/06\/Article-L141-1-Code-de-lurbanisme-Legifrance.pdf\" target=\"_blank\" rel=\"noopener\">Article L141-1 du Code de l&rsquo;urbanisme<\/a><\/li><li><a href=\"http:\/\/lpholding.light-touch.fr\/wp-content\/uploads\/2021\/06\/decret_SCOT_du_210521.pdf\" target=\"_blank\" rel=\"noopener\">D\u00e9cret SCOT du 21 mai 2021<\/a><\/li><li><a href=\"http:\/\/lpholding.light-touch.fr\/wp-content\/uploads\/2021\/06\/Instruction-gouvenement-ZAN-29072019.pdf\" target=\"_blank\" rel=\"noopener\">Instruction du Gouvernement sur l&rsquo;engagement de l&rsquo;\u00c9tat en faveur d&rsquo;une gestion \u00e9conome de l&rsquo;espace du 29 juillet 2019<\/a><\/li><li><a href=\"http:\/\/lpholding.light-touch.fr\/wp-content\/uploads\/2021\/06\/LOI-no-2018-1021-du-23-novembre-2018-portant-evolution-du-logement.pdf\" target=\"_blank\" rel=\"noopener\">Loi sur l&rsquo;\u00e9volution du logement du 23 novembre 2018<\/a><\/li><li><a href=\"http:\/\/lpholding.light-touch.fr\/wp-content\/uploads\/2021\/06\/Ordonnance_n\u00b02020-744_du_17_juin_2020_version_initiale-1.pdf\" target=\"_blank\" rel=\"noopener\">Ordonnance sur la modernisation des sche\u0301mas de cohe\u0301rence territoriale\u00a0du 17 juin 2020<\/a><\/li><li><a href=\"http:\/\/lpholding.light-touch.fr\/wp-content\/uploads\/2021\/06\/Ordonnance_n\u00b02020-745_du_17_juin_2020_version_initiale-1.pdf\" target=\"_blank\" rel=\"noopener\">Ordonnance sur la rationalisation de la hie\u0301rarchie des normes applicable aux documents d\u2019urbanisme du 17 juin 2020<\/a><\/li><li><a href=\"https:\/\/scot.capexcellence.net\/wp-content\/uploads\/2021\/03\/circulaire-plui-nor-terb2118777c.pdf\" target=\"_blank\" rel=\"noopener\">circulaire-plui-nor-terb2118777Ordonnance sur la rationalisation de la hie\u0301rarchie des normes applicable aux documents d\u2019urbanisme du 17 juin 2020<\/a><\/li><li><a href=\"https:\/\/scot.capexcellence.net\/wp-content\/uploads\/2021\/03\/Loi-n\u00b02021-1104-du-22082021-Climat-et-resilience-.pdf\">Loi n\u00b02021-1104 du 22082021 &#8211; Climat et r\u00e9silience<\/a><\/li><\/ul>\t\t\t\t\t\t<\/div>\n\t\t\t\t<\/div>\n\t\t\t\t\t<\/div>\n\t\t<\/div>\n\t\t\t\t\t\t\t<\/div>\n\t\t<\/section>\n\t\t\t\t\t\t<\/div>\n\t\t\t\t\t<\/div>\n\t\t","protected":false},"excerpt":{"rendered":"<p>Article L141-1 du Code de l&rsquo;urbanisme D\u00e9cret SCOT du 21 mai 2021 Instruction du Gouvernement sur l&rsquo;engagement de l&rsquo;\u00c9tat en faveur d&rsquo;une gestion \u00e9conome de l&rsquo;espace du 29 juillet 2019 Loi sur l&rsquo;\u00e9volution du logement du 23 novembre 2018 Ordonnance sur la modernisation des sche\u0301mas de cohe\u0301rence territoriale\u00a0du 17 juin 2020 Ordonnance sur la rationalisation [&hellip;]<\/p>\n","protected":false},"author":1,"featured_media":0,"parent":0,"menu_order":0,"comment_status":"closed","ping_status":"closed","template":"","meta":{"footnotes":""},"class_list":["post-675","page","type-page","status-publish","hentry"],"_links":{"self":[{"href":"https:\/\/scot.capexcellence.net\/index.php\/wp-json\/wp\/v2\/pages\/675","targetHints":{"allow":["GET"]}}],"collection":[{"href":"https:\/\/scot.capexcellence.net\/index.php\/wp-json\/wp\/v2\/pages"}],"about":[{"href":"https:\/\/scot.capexcellence.net\/index.php\/wp-json\/wp\/v2\/types\/page"}],"author":[{"embeddable":true,"href":"https:\/\/scot.capexcellence.net\/index.php\/wp-json\/wp\/v2\/users\/1"}],"replies":[{"embeddable":true,"href":"https:\/\/scot.capexcellence.net\/index.php\/wp-json\/wp\/v2\/comments?post=675"}],"version-history":[{"count":10,"href":"https:\/\/scot.capexcellence.net\/index.php\/wp-json\/wp\/v2\/pages\/675\/revisions"}],"predecessor-version":[{"id":967,"href":"https:\/\/scot.capexcellence.net\/index.php\/wp-json\/wp\/v2\/pages\/675\/revisions\/967"}],"wp:attachment":[{"href":"https:\/\/scot.capexcellence.net\/index.php\/wp-json\/wp\/v2\/media?parent=675"}],"curies":[{"name":"wp","href":"https:\/\/api.w.org\/{rel}","templated":true}]}}