{"id":605,"date":"2021-05-28T15:16:29","date_gmt":"2021-05-28T13:16:29","guid":{"rendered":"https:\/\/scot.capexcellence.net\/?page_id=605"},"modified":"2021-10-27T00:26:07","modified_gmt":"2021-10-26T22:26:07","slug":"deliberations","status":"publish","type":"page","link":"https:\/\/scot.capexcellence.net\/index.php\/deliberations\/","title":{"rendered":"D\u00e9lib\u00e9rations"},"content":{"rendered":"\t\t<div data-elementor-type=\"wp-page\" data-elementor-id=\"605\" class=\"elementor elementor-605\" data-elementor-settings=\"[]\">\n\t\t\t\t\t\t\t<div class=\"elementor-section-wrap\">\n\t\t\t\t\t\t\t<section class=\"elementor-section elementor-top-section elementor-element elementor-element-0c61d66 elementor-section-boxed elementor-section-height-default elementor-section-height-default\" data-id=\"0c61d66\" data-element_type=\"section\">\n\t\t\t\t\t\t<div class=\"elementor-container elementor-column-gap-default\">\n\t\t\t\t\t<div class=\"elementor-column elementor-col-100 elementor-top-column elementor-element elementor-element-009660c\" data-id=\"009660c\" data-element_type=\"column\">\n\t\t\t<div class=\"elementor-widget-wrap elementor-element-populated\">\n\t\t\t\t\t\t\t\t<div class=\"elementor-element elementor-element-c198209 elementor-widget elementor-widget-text-editor\" data-id=\"c198209\" data-element_type=\"widget\" data-widget_type=\"text-editor.default\">\n\t\t\t\t<div class=\"elementor-widget-container\">\n\t\t\t\t\t\t\t<h4><strong><a href=\"https:\/\/scot.capexcellence.net\/wp-content\/uploads\/2021\/03\/20210329_Delib-SCOT-Loi-ELAN.pdf\" target=\"_blank\" rel=\"noopener\">D\u00e9lib\u00e9ration N\u00b02021.02.01\/127 <\/a><br \/><\/strong><\/h4><p>Modernisation du SCOT<\/p><h4><strong><a href=\"https:\/\/scot.capexcellence.net\/wp-content\/uploads\/2021\/03\/Delib-SCOT-Adaptation-modalites-de-concertation.pdf\" target=\"_blank\" rel=\"noopener\">D\u00e9lib\u00e9ration N\u00b02021.09.17<\/a><br \/><\/strong><\/h4><p>Projet d&rsquo;Am\u00e9nagement Strat\u00e9gique (SCOT architecture PAS )<\/p><h4><a href=\"https:\/\/scot.capexcellence.net\/wp-content\/uploads\/2021\/03\/SCoT-Architecture-du-PAS.pdf\" rel=\"noopener\"><strong>D\u00e9lib\u00e9ration N\u00b02021.05\/04\/159<\/strong><\/a>\u00a0\u00a0<\/h4><p>Elaboration du Sch\u00e9ma de Coh\u00e9rence Territoriale (SCOT) de CAP Excellence: adaptation des modalit\u00e9s de concertation<\/p><h4><a href=\"https:\/\/scot.capexcellence.net\/wp-content\/uploads\/2021\/03\/Delib-SCOT-architecture-PAS.pdf\" rel=\"noopener\"><strong>D\u00e9lib\u00e9ration N\u00b02021.09\/07\/192<\/strong><\/a>\u00a0\u00a0<\/h4><p>Elaboration du Sch\u00e9ma de Coh\u00e9rence Territoriale (SCOT) de CAP Excellence: Projet d&rsquo;Am\u00e9nagement Strat\u00e9gique (PAS)<\/p><h4><strong><a href=\"https:\/\/scot.capexcellence.net\/wp-content\/uploads\/2021\/03\/DELIB_SCOT.pdf\" target=\"_blank\" rel=\"noopener\">D\u00e9lib\u00e9ration N\u00b02015.02.01\/144<\/a><br \/><\/strong><\/h4><p>SCOT de Cap Excellence Prescription de l&rsquo;\u00e9laboration, d\u00e9finition des objectifs et modalit\u00e9s de concertation<\/p><h4><a href=\"https:\/\/scot.capexcellence.net\/wp-content\/uploads\/2021\/03\/preimetre-scot.pdf\" target=\"_blank\" rel=\"noopener\"><strong>D\u00e9lib\u00e9ration N\u00b02014.05\/03\/54<\/strong><\/a>\u00a0\u00a0<\/h4><p>D\u00e9finition du p\u00e9rim\u00e8tre du SCOT<\/p><p>\u00a0<\/p>\t\t\t\t\t\t<\/div>\n\t\t\t\t<\/div>\n\t\t\t\t\t<\/div>\n\t\t<\/div>\n\t\t\t\t\t\t\t<\/div>\n\t\t<\/section>\n\t\t\t\t\t\t<\/div>\n\t\t\t\t\t<\/div>\n\t\t","protected":false},"excerpt":{"rendered":"<p>D\u00e9lib\u00e9ration N\u00b02021.02.01\/127 Modernisation du SCOT D\u00e9lib\u00e9ration N\u00b02021.09.17 Projet d&rsquo;Am\u00e9nagement Strat\u00e9gique (SCOT architecture PAS ) D\u00e9lib\u00e9ration N\u00b02021.05\/04\/159\u00a0\u00a0 Elaboration du Sch\u00e9ma de Coh\u00e9rence Territoriale (SCOT) de CAP Excellence: adaptation des modalit\u00e9s de concertation D\u00e9lib\u00e9ration N\u00b02021.09\/07\/192\u00a0\u00a0 Elaboration du Sch\u00e9ma de Coh\u00e9rence Territoriale (SCOT) de CAP Excellence: Projet d&rsquo;Am\u00e9nagement Strat\u00e9gique (PAS) D\u00e9lib\u00e9ration N\u00b02015.02.01\/144 SCOT de Cap Excellence Prescription de [&hellip;]<\/p>\n","protected":false},"author":1,"featured_media":0,"parent":0,"menu_order":0,"comment_status":"closed","ping_status":"closed","template":"","meta":{"footnotes":""},"class_list":["post-605","page","type-page","status-publish","hentry"],"_links":{"self":[{"href":"https:\/\/scot.capexcellence.net\/index.php\/wp-json\/wp\/v2\/pages\/605","targetHints":{"allow":["GET"]}}],"collection":[{"href":"https:\/\/scot.capexcellence.net\/index.php\/wp-json\/wp\/v2\/pages"}],"about":[{"href":"https:\/\/scot.capexcellence.net\/index.php\/wp-json\/wp\/v2\/types\/page"}],"author":[{"embeddable":true,"href":"https:\/\/scot.capexcellence.net\/index.php\/wp-json\/wp\/v2\/users\/1"}],"replies":[{"embeddable":true,"href":"https:\/\/scot.capexcellence.net\/index.php\/wp-json\/wp\/v2\/comments?post=605"}],"version-history":[{"count":27,"href":"https:\/\/scot.capexcellence.net\/index.php\/wp-json\/wp\/v2\/pages\/605\/revisions"}],"predecessor-version":[{"id":996,"href":"https:\/\/scot.capexcellence.net\/index.php\/wp-json\/wp\/v2\/pages\/605\/revisions\/996"}],"wp:attachment":[{"href":"https:\/\/scot.capexcellence.net\/index.php\/wp-json\/wp\/v2\/media?parent=605"}],"curies":[{"name":"wp","href":"https:\/\/api.w.org\/{rel}","templated":true}]}}