{"id":1137,"date":"2021-10-27T05:25:21","date_gmt":"2021-10-27T03:25:21","guid":{"rendered":"https:\/\/scot.capexcellence.net\/?page_id=1137"},"modified":"2021-10-27T05:29:36","modified_gmt":"2021-10-27T03:29:36","slug":"environnement","status":"publish","type":"page","link":"https:\/\/scot.capexcellence.net\/index.php\/environnement\/","title":{"rendered":"Environnement"},"content":{"rendered":"\t\t<div data-elementor-type=\"wp-page\" data-elementor-id=\"1137\" class=\"elementor elementor-1137\" data-elementor-settings=\"[]\">\n\t\t\t\t\t\t\t<div class=\"elementor-section-wrap\">\n\t\t\t\t\t\t\t<section class=\"elementor-section elementor-top-section elementor-element elementor-element-3794f79 elementor-section-boxed elementor-section-height-default elementor-section-height-default\" data-id=\"3794f79\" data-element_type=\"section\">\n\t\t\t\t\t\t<div class=\"elementor-container elementor-column-gap-default\">\n\t\t\t\t\t<div class=\"elementor-column elementor-col-100 elementor-top-column elementor-element elementor-element-92ae100\" data-id=\"92ae100\" data-element_type=\"column\">\n\t\t\t<div class=\"elementor-widget-wrap elementor-element-populated\">\n\t\t\t\t\t\t\t\t<div class=\"elementor-element elementor-element-697cab8 elementor-widget elementor-widget-text-editor\" data-id=\"697cab8\" data-element_type=\"widget\" data-widget_type=\"text-editor.default\">\n\t\t\t\t<div class=\"elementor-widget-container\">\n\t\t\t\t\t\t\t<p><span data-contrast=\"auto\">Paysages\u00a0et espaces naturels de Cap Excellence<\/span><span data-ccp-props=\"{&quot;134233279&quot;:true}\">\u00a0<\/span><\/p><p><span data-contrast=\"auto\">Cap Excellence abrite une diversit\u00e9 paysag\u00e8re\u00a0riche,\u00a0offre une tr\u00e8s grande diversit\u00e9 de sites remarquables terrestres et maritimes, ainsi que des entit\u00e9s patrimoniales de grande importance. La pr\u00e9servation et la valorisation de ce patrimoine naturel, b\u00e2ti et culturel est un enjeu fort pour le territoire.\u00a0<\/span><span data-ccp-props=\"{&quot;335551550&quot;:6,&quot;335551620&quot;:6}\">\u00a0<\/span><\/p><p><span data-ccp-props=\"{}\">\u00a0<\/span><\/p><ul><li data-leveltext=\"-\" data-font=\"Calibri Light\" data-listid=\"1\" aria-setsize=\"-1\" data-aria-posinset=\"12\" data-aria-level=\"1\"><span data-contrast=\"auto\">Mesures de protection environnementale<\/span><span data-ccp-props=\"{&quot;134233279&quot;:true}\">\u00a0<\/span><\/li><\/ul><p><span data-contrast=\"auto\">La richesse des paysages de la communaut\u00e9 d\u2019agglom\u00e9ration de Cap Excellence et la biodiversit\u00e9 qu\u2019elle renferme sont pour parties pr\u00e9serv\u00e9es par les diff\u00e9rentes mesures de protection s\u2019appliquant au territoire.\u00a0<\/span><span data-ccp-props=\"{&quot;335551550&quot;:6,&quot;335551620&quot;:6}\">\u00a0<\/span><\/p><p><span data-ccp-props=\"{}\">\u00a0<\/span><\/p>\t\t\t\t\t\t<\/div>\n\t\t\t\t<\/div>\n\t\t\t\t<div class=\"elementor-element elementor-element-ba31ad1 elementor-widget elementor-widget-jet-carousel\" data-id=\"ba31ad1\" data-element_type=\"widget\" data-widget_type=\"jet-carousel.default\">\n\t\t\t\t<div class=\"elementor-widget-container\">\n\t\t\t<div class=\"elementor-jet-carousel jet-elements\"><div class=\"jet-carousel-wrap\">\n\t<div class=\"jet-carousel\" data-slider_options=\"{&quot;slidesToShow&quot;:{&quot;desktop&quot;:2,&quot;tablet&quot;:0,&quot;mobile&quot;:0},&quot;autoplaySpeed&quot;:5000,&quot;autoplay&quot;:true,&quot;infinite&quot;:true,&quot;centerMode&quot;:false,&quot;pauseOnHover&quot;:false,&quot;speed&quot;:500,&quot;arrows&quot;:true,&quot;dots&quot;:false,&quot;slidesToScroll&quot;:1,&quot;variableWidth&quot;:false,&quot;prevArrow&quot;:&quot;.jet-carousel__prev-arrow-ba31ad1&quot;,&quot;nextArrow&quot;:&quot;.jet-carousel__next-arrow-ba31ad1&quot;,&quot;rtl&quot;:false}\" dir=\"ltr\">\n\t<div class=\"elementor-slick-slider\">\n<div class=\"jet-carousel__item\">\n\t<div class=\"jet-carousel__item-inner\"><a href=\"#\" class=\"jet-carousel__item-link\" ><img decoding=\"async\" src=\"https:\/\/scot.capexcellence.net\/wp-content\/uploads\/2021\/10\/Les-mesures-de-protection.png\" class=\"jet-carousel__item-img\" alt=\"Les mesures de protection\" loading=\"lazy\"><\/a><div class=\"jet-carousel__content\"><h5 class=\"jet-carousel__item-title\">Paysage<\/h5><\/div><\/div>\n<\/div>\n<div class=\"jet-carousel__item\">\n\t<div class=\"jet-carousel__item-inner\"><img decoding=\"async\" src=\"https:\/\/scot.capexcellence.net\/wp-content\/uploads\/2021\/10\/PAYSAGES-01.png\" class=\"jet-carousel__item-img\" alt=\"PAYSAGES-01\" loading=\"lazy\"><div class=\"jet-carousel__content\"><h5 class=\"jet-carousel__item-title\">Les mesures de protections<\/h5><\/div><\/div>\n<\/div>\n<\/div><div class=\"jet-carousel__prev-arrow-ba31ad1 jet-arrow prev-arrow\"><i aria-hidden=\"true\" class=\"fas fa-angle-left\"><\/i><\/div><div class=\"jet-carousel__next-arrow-ba31ad1 jet-arrow next-arrow\"><i aria-hidden=\"true\" class=\"fas fa-angle-right\"><\/i><\/div><\/div>\n<\/div>\n<\/div>\t\t<\/div>\n\t\t\t\t<\/div>\n\t\t\t\t\t<\/div>\n\t\t<\/div>\n\t\t\t\t\t\t\t<\/div>\n\t\t<\/section>\n\t\t\t\t\t\t<\/div>\n\t\t\t\t\t<\/div>\n\t\t","protected":false},"excerpt":{"rendered":"<p>Paysages\u00a0et espaces naturels de Cap Excellence\u00a0 Cap Excellence abrite une diversit\u00e9 paysag\u00e8re\u00a0riche,\u00a0offre une tr\u00e8s grande diversit\u00e9 de sites remarquables terrestres et maritimes, ainsi que des entit\u00e9s patrimoniales de grande importance. La pr\u00e9servation et la valorisation de ce patrimoine naturel, b\u00e2ti et culturel est un enjeu fort pour le territoire.\u00a0\u00a0 \u00a0 Mesures de protection environnementale\u00a0 La [&hellip;]<\/p>\n","protected":false},"author":3,"featured_media":0,"parent":0,"menu_order":0,"comment_status":"closed","ping_status":"closed","template":"","meta":{"footnotes":""},"class_list":["post-1137","page","type-page","status-publish","hentry"],"_links":{"self":[{"href":"https:\/\/scot.capexcellence.net\/index.php\/wp-json\/wp\/v2\/pages\/1137","targetHints":{"allow":["GET"]}}],"collection":[{"href":"https:\/\/scot.capexcellence.net\/index.php\/wp-json\/wp\/v2\/pages"}],"about":[{"href":"https:\/\/scot.capexcellence.net\/index.php\/wp-json\/wp\/v2\/types\/page"}],"author":[{"embeddable":true,"href":"https:\/\/scot.capexcellence.net\/index.php\/wp-json\/wp\/v2\/users\/3"}],"replies":[{"embeddable":true,"href":"https:\/\/scot.capexcellence.net\/index.php\/wp-json\/wp\/v2\/comments?post=1137"}],"version-history":[{"count":10,"href":"https:\/\/scot.capexcellence.net\/index.php\/wp-json\/wp\/v2\/pages\/1137\/revisions"}],"predecessor-version":[{"id":1149,"href":"https:\/\/scot.capexcellence.net\/index.php\/wp-json\/wp\/v2\/pages\/1137\/revisions\/1149"}],"wp:attachment":[{"href":"https:\/\/scot.capexcellence.net\/index.php\/wp-json\/wp\/v2\/media?parent=1137"}],"curies":[{"name":"wp","href":"https:\/\/api.w.org\/{rel}","templated":true}]}}