{"id":1085,"date":"2021-10-27T04:39:41","date_gmt":"2021-10-27T02:39:41","guid":{"rendered":"https:\/\/scot.capexcellence.net\/?page_id=1085"},"modified":"2021-10-27T04:49:10","modified_gmt":"2021-10-27T02:49:10","slug":"transportetdeplacement","status":"publish","type":"page","link":"https:\/\/scot.capexcellence.net\/index.php\/transportetdeplacement\/","title":{"rendered":"Transports et d\u00e9placements"},"content":{"rendered":"\t\t<div data-elementor-type=\"wp-page\" data-elementor-id=\"1085\" class=\"elementor elementor-1085\" data-elementor-settings=\"[]\">\n\t\t\t\t\t\t\t<div class=\"elementor-section-wrap\">\n\t\t\t\t\t\t\t<section class=\"elementor-section elementor-top-section elementor-element elementor-element-3794f79 elementor-section-boxed elementor-section-height-default elementor-section-height-default\" data-id=\"3794f79\" data-element_type=\"section\">\n\t\t\t\t\t\t<div class=\"elementor-container elementor-column-gap-default\">\n\t\t\t\t\t<div class=\"elementor-column elementor-col-100 elementor-top-column elementor-element elementor-element-92ae100\" data-id=\"92ae100\" data-element_type=\"column\">\n\t\t\t<div class=\"elementor-widget-wrap elementor-element-populated\">\n\t\t\t\t\t\t\t\t<div class=\"elementor-element elementor-element-697cab8 elementor-widget elementor-widget-text-editor\" data-id=\"697cab8\" data-element_type=\"widget\" data-widget_type=\"text-editor.default\">\n\t\t\t\t<div class=\"elementor-widget-container\">\n\t\t\t\t\t\t\t<div class=\"ListContainerWrapper SCXW229311213 BCX0\" style=\"margin: 0px; padding: 0px; user-select: text; -webkit-user-drag: none; -webkit-tap-highlight-color: transparent; position: relative; color: #000000; font-family: 'Calibri Light', 'Calibri Light_MSFontService', sans-serif;\"><ul class=\"BulletListStyle1 SCXW229311213 BCX0\" style=\"margin-right: 0px; margin-bottom: 0px; margin-left: 0px; padding: 0px; user-select: text; -webkit-user-drag: none; -webkit-tap-highlight-color: transparent; overflow: visible; cursor: text; font-family: verdana;\" role=\"list\"><li class=\"OutlineElement Ltr BCX0 SCXW229311213\" style=\"margin: 0px 0px 0px 24px; padding: 0px; user-select: text; -webkit-user-drag: none; -webkit-tap-highlight-color: transparent; overflow: visible; cursor: text; clear: both; position: relative; direction: ltr; display: block; font-size: 12pt; font-family: 'Calibri Light', 'Calibri Light_MSFontService', sans-serif; vertical-align: baseline;\" role=\"listitem\" data-leveltext=\"-\" data-font=\"Calibri Light\" data-listid=\"1\" aria-setsize=\"-1\" data-aria-posinset=\"12\" data-aria-level=\"1\"><div class=\"ListContainerWrapper SCXW224321043 BCX0\" style=\"margin: 0px; padding: 0px; user-select: text; -webkit-user-drag: none; -webkit-tap-highlight-color: transparent; position: relative;\"><ul class=\"BulletListStyle1 SCXW224321043 BCX0\" style=\"margin-right: 0px; margin-left: 0px; padding: 0px; user-select: text; -webkit-user-drag: none; -webkit-tap-highlight-color: transparent; overflow: visible; cursor: text; list-style-type: disc; font-family: verdana;\" role=\"list\"><li class=\"OutlineElement Ltr SCXW224321043 BCX0\" style=\"margin: 0px 0px 0px 24px; padding: 0px; user-select: text; -webkit-user-drag: none; -webkit-tap-highlight-color: transparent; overflow: visible; cursor: text; clear: both; position: relative; direction: ltr; display: block; font-size: 12pt; font-family: 'Calibri Light', 'Calibri Light_MSFontService', sans-serif; vertical-align: baseline;\" role=\"listitem\" data-leveltext=\"-\" data-font=\"Calibri Light\" data-listid=\"1\" aria-setsize=\"-1\" data-aria-posinset=\"12\" data-aria-level=\"1\"><p class=\"Paragraph SCXW224321043 BCX0\" style=\"margin-right: 0px; margin-bottom: 0px; margin-left: 0px; padding: 0px; user-select: text; -webkit-user-drag: none; -webkit-tap-highlight-color: transparent; overflow-wrap: break-word; vertical-align: baseline; font-kerning: none; background-color: transparent; color: windowtext;\"><span class=\"TextRun SCXW224321043 BCX0\" lang=\"FR-FR\" style=\"margin: 0px; padding: 0px; user-select: text; -webkit-user-drag: none; -webkit-tap-highlight-color: transparent; font-variant-ligatures: none !important; font-size: 12pt; line-height: 20.5042px; font-family: 'Calibri Light', 'Calibri Light_EmbeddedFont', 'Calibri Light_MSFontService', sans-serif;\" xml:lang=\"FR-FR\" data-contrast=\"auto\">Comptages routiers<\/span><span class=\"EOP SCXW224321043 BCX0\" style=\"margin: 0px; padding: 0px; user-select: text; -webkit-user-drag: none; -webkit-tap-highlight-color: transparent; font-size: 12pt; line-height: 20.5042px; font-family: 'Calibri Light', 'Calibri Light_EmbeddedFont', 'Calibri Light_MSFontService', sans-serif;\" data-ccp-props=\"{&quot;134233279&quot;:true}\">\u00a0<\/span><\/p><\/li><\/ul><\/div><div class=\"OutlineElement Ltr SCXW224321043 BCX0\" style=\"margin: 0px; padding: 0px; user-select: text; -webkit-user-drag: none; -webkit-tap-highlight-color: transparent; overflow: visible; cursor: text; clear: both; position: relative; direction: ltr;\"><p class=\"Paragraph SCXW224321043 BCX0\" style=\"margin-right: 0px; margin-bottom: 0px; margin-left: 0px; padding: 0px; user-select: text; -webkit-user-drag: none; -webkit-tap-highlight-color: transparent; overflow-wrap: break-word; vertical-align: baseline; font-kerning: none; background-color: transparent; color: windowtext; text-align: justify;\"><span class=\"TextRun SCXW224321043 BCX0\" lang=\"FR-FR\" style=\"margin: 0px; padding: 0px; user-select: text; -webkit-user-drag: none; -webkit-tap-highlight-color: transparent; font-variant-ligatures: none !important; font-size: 12pt; line-height: 20.5042px; font-family: 'Calibri Light', 'Calibri Light_EmbeddedFont', 'Calibri Light_MSFontService', sans-serif;\" xml:lang=\"FR-FR\" data-contrast=\"auto\"><span class=\"NormalTextRun SCXW224321043 BCX0\" style=\"margin: 0px; padding: 0px; user-select: text; -webkit-user-drag: none; -webkit-tap-highlight-color: transparent;\">Le r\u00e9seau routier se concentre essentiellement atour des grands axes que constituent les routes nationales. Sources de congestion\u00a0<\/span><span class=\"NormalTextRun SCXW224321043 BCX0\" style=\"margin: 0px; padding: 0px; user-select: text; -webkit-user-drag: none; -webkit-tap-highlight-color: transparent;\">et d\u2019impacts multiples sur le territoire<\/span><span class=\"NormalTextRun SCXW224321043 BCX0\" style=\"margin: 0px; padding: 0px; user-select: text; -webkit-user-drag: none; -webkit-tap-highlight-color: transparent;\">, avec pr\u00e8s de 30\u202f000 v\u00e9hicules\/jour uniquement pour la zone de Jarry, la place de la voiture est faiblement contrebalanc\u00e9e par une offre en transport en commun efficace et des am\u00e9nagements adapt\u00e9s aux mobilit\u00e9s douces.\u00a0<\/span><\/span><span class=\"EOP SCXW224321043 BCX0\" style=\"margin: 0px; padding: 0px; user-select: text; -webkit-user-drag: none; -webkit-tap-highlight-color: transparent; font-size: 12pt; line-height: 20.5042px; font-family: 'Calibri Light', 'Calibri Light_EmbeddedFont', 'Calibri Light_MSFontService', sans-serif;\" data-ccp-props=\"{&quot;335551550&quot;:6,&quot;335551620&quot;:6}\">\u00a0<\/span><\/p><\/div><\/li><\/ul><\/div><div class=\"OutlineElement Ltr BCX0 SCXW229311213\" style=\"margin: 0px; padding: 0px; user-select: text; -webkit-user-drag: none; -webkit-tap-highlight-color: transparent; overflow: visible; cursor: text; clear: both; position: relative; direction: ltr; color: #000000; font-family: 'Calibri Light', 'Calibri Light_MSFontService', sans-serif;\">\u00a0<\/div>\t\t\t\t\t\t<\/div>\n\t\t\t\t<\/div>\n\t\t\t\t<div class=\"elementor-element elementor-element-ba31ad1 elementor-widget elementor-widget-jet-carousel\" data-id=\"ba31ad1\" data-element_type=\"widget\" data-widget_type=\"jet-carousel.default\">\n\t\t\t\t<div class=\"elementor-widget-container\">\n\t\t\t<div class=\"elementor-jet-carousel jet-elements\"><div class=\"jet-carousel-wrap\">\n\t<div class=\"jet-carousel\" data-slider_options=\"{&quot;slidesToShow&quot;:{&quot;desktop&quot;:2,&quot;tablet&quot;:0,&quot;mobile&quot;:0},&quot;autoplaySpeed&quot;:5000,&quot;autoplay&quot;:true,&quot;infinite&quot;:true,&quot;centerMode&quot;:false,&quot;pauseOnHover&quot;:false,&quot;speed&quot;:500,&quot;arrows&quot;:true,&quot;dots&quot;:false,&quot;slidesToScroll&quot;:1,&quot;variableWidth&quot;:false,&quot;prevArrow&quot;:&quot;.jet-carousel__prev-arrow-ba31ad1&quot;,&quot;nextArrow&quot;:&quot;.jet-carousel__next-arrow-ba31ad1&quot;,&quot;rtl&quot;:false}\" dir=\"ltr\">\n\t<div class=\"elementor-slick-slider\">\n<div class=\"jet-carousel__item\">\n\t<div class=\"jet-carousel__item-inner\"><a href=\"https:\/\/scot.capexcellence.net\/index.php\/transportetdeplacement\/\" class=\"jet-carousel__item-link\" target=\"_blank\" ><img decoding=\"async\" src=\"https:\/\/scot.capexcellence.net\/wp-content\/uploads\/2021\/03\/Comptages-routiers.png\" class=\"jet-carousel__item-img\" alt=\"Comptages routiers\" loading=\"lazy\"><\/a><div class=\"jet-carousel__content\"><h5 class=\"jet-carousel__item-title\">Consommation d'espace 2010 -2020<\/h5><\/div><\/div>\n<\/div>\n<\/div><div class=\"jet-carousel__prev-arrow-ba31ad1 jet-arrow prev-arrow\"><i aria-hidden=\"true\" class=\"fas fa-angle-left\"><\/i><\/div><div class=\"jet-carousel__next-arrow-ba31ad1 jet-arrow next-arrow\"><i aria-hidden=\"true\" class=\"fas fa-angle-right\"><\/i><\/div><\/div>\n<\/div>\n<\/div>\t\t<\/div>\n\t\t\t\t<\/div>\n\t\t\t\t\t<\/div>\n\t\t<\/div>\n\t\t\t\t\t\t\t<\/div>\n\t\t<\/section>\n\t\t\t\t\t\t<\/div>\n\t\t\t\t\t<\/div>\n\t\t","protected":false},"excerpt":{"rendered":"<p>Comptages routiers\u00a0 Le r\u00e9seau routier se concentre essentiellement atour des grands axes que constituent les routes nationales. Sources de congestion\u00a0et d\u2019impacts multiples sur le territoire, avec pr\u00e8s de 30\u202f000 v\u00e9hicules\/jour uniquement pour la zone de Jarry, la place de la voiture est faiblement contrebalanc\u00e9e par une offre en transport en commun efficace et des am\u00e9nagements [&hellip;]<\/p>\n","protected":false},"author":3,"featured_media":0,"parent":0,"menu_order":0,"comment_status":"closed","ping_status":"closed","template":"","meta":{"footnotes":""},"class_list":["post-1085","page","type-page","status-publish","hentry"],"_links":{"self":[{"href":"https:\/\/scot.capexcellence.net\/index.php\/wp-json\/wp\/v2\/pages\/1085","targetHints":{"allow":["GET"]}}],"collection":[{"href":"https:\/\/scot.capexcellence.net\/index.php\/wp-json\/wp\/v2\/pages"}],"about":[{"href":"https:\/\/scot.capexcellence.net\/index.php\/wp-json\/wp\/v2\/types\/page"}],"author":[{"embeddable":true,"href":"https:\/\/scot.capexcellence.net\/index.php\/wp-json\/wp\/v2\/users\/3"}],"replies":[{"embeddable":true,"href":"https:\/\/scot.capexcellence.net\/index.php\/wp-json\/wp\/v2\/comments?post=1085"}],"version-history":[{"count":13,"href":"https:\/\/scot.capexcellence.net\/index.php\/wp-json\/wp\/v2\/pages\/1085\/revisions"}],"predecessor-version":[{"id":1100,"href":"https:\/\/scot.capexcellence.net\/index.php\/wp-json\/wp\/v2\/pages\/1085\/revisions\/1100"}],"wp:attachment":[{"href":"https:\/\/scot.capexcellence.net\/index.php\/wp-json\/wp\/v2\/media?parent=1085"}],"curies":[{"name":"wp","href":"https:\/\/api.w.org\/{rel}","templated":true}]}}