{"id":1059,"date":"2021-10-27T02:47:43","date_gmt":"2021-10-27T00:47:43","guid":{"rendered":"https:\/\/scot.capexcellence.net\/?page_id=1059"},"modified":"2021-10-27T04:20:02","modified_gmt":"2021-10-27T02:20:02","slug":"analyse-spatiale","status":"publish","type":"page","link":"https:\/\/scot.capexcellence.net\/index.php\/analyse-spatiale\/","title":{"rendered":"Analyse Spatiale"},"content":{"rendered":"\t\t<div data-elementor-type=\"wp-page\" data-elementor-id=\"1059\" class=\"elementor elementor-1059\" data-elementor-settings=\"[]\">\n\t\t\t\t\t\t\t<div class=\"elementor-section-wrap\">\n\t\t\t\t\t\t\t<section class=\"elementor-section elementor-top-section elementor-element elementor-element-3794f79 elementor-section-boxed elementor-section-height-default elementor-section-height-default\" data-id=\"3794f79\" data-element_type=\"section\">\n\t\t\t\t\t\t<div class=\"elementor-container elementor-column-gap-default\">\n\t\t\t\t\t<div class=\"elementor-column elementor-col-100 elementor-top-column elementor-element elementor-element-92ae100\" data-id=\"92ae100\" data-element_type=\"column\">\n\t\t\t<div class=\"elementor-widget-wrap elementor-element-populated\">\n\t\t\t\t\t\t\t\t<div class=\"elementor-element elementor-element-697cab8 elementor-widget elementor-widget-text-editor\" data-id=\"697cab8\" data-element_type=\"widget\" data-widget_type=\"text-editor.default\">\n\t\t\t\t<div class=\"elementor-widget-container\">\n\t\t\t\t\t\t\t<div class=\"ListContainerWrapper SCXW229311213 BCX0\" style=\"margin: 0px; padding: 0px; user-select: text; -webkit-user-drag: none; -webkit-tap-highlight-color: transparent; position: relative; color: #000000; font-family: 'Calibri Light', 'Calibri Light_MSFontService', sans-serif;\"><ul class=\"BulletListStyle1 SCXW229311213 BCX0\" style=\"margin-right: 0px; margin-bottom: 0px; margin-left: 0px; padding: 0px; user-select: text; -webkit-user-drag: none; -webkit-tap-highlight-color: transparent; overflow: visible; cursor: text; font-family: verdana;\" role=\"list\"><li class=\"OutlineElement Ltr  BCX0 SCXW229311213\" style=\"margin: 0px 0px 0px 24px; padding: 0px; user-select: text; -webkit-user-drag: none; -webkit-tap-highlight-color: transparent; overflow: visible; cursor: text; clear: both; position: relative; direction: ltr; display: block; font-size: 12pt; font-family: 'Calibri Light', 'Calibri Light_MSFontService', sans-serif; vertical-align: baseline;\" role=\"listitem\" data-leveltext=\"-\" data-font=\"Calibri Light\" data-listid=\"1\" aria-setsize=\"-1\" data-aria-posinset=\"12\" data-aria-level=\"1\"><p class=\"Paragraph SCXW229311213 BCX0\" style=\"margin-right: 0px; margin-bottom: 0px; margin-left: 0px; padding: 0px; user-select: text; -webkit-user-drag: none; -webkit-tap-highlight-color: transparent; overflow-wrap: break-word; vertical-align: baseline; font-kerning: none; background-color: transparent; color: windowtext;\"><span class=\"TextRun SCXW229311213 BCX0\" lang=\"FR-FR\" style=\"margin: 0px; padding: 0px; user-select: text; -webkit-user-drag: none; -webkit-tap-highlight-color: transparent; font-variant-ligatures: none !important; font-size: 12pt; line-height: 20.5042px; font-family: 'Calibri Light', 'Calibri Light_EmbeddedFont', 'Calibri Light_MSFontService', sans-serif;\" xml:lang=\"FR-FR\" data-contrast=\"auto\"><span class=\"NormalTextRun SCXW229311213 BCX0\" style=\"margin: 0px; padding: 0px; user-select: text; -webkit-user-drag: none; -webkit-tap-highlight-color: transparent;\">Consommation d\u2019espace 2010\u00a0<\/span><span class=\"NormalTextRun SCXW229311213 BCX0\" style=\"margin: 0px; padding: 0px; user-select: text; -webkit-user-drag: none; -webkit-tap-highlight-color: transparent;\">\u2013<\/span><span class=\"NormalTextRun SCXW229311213 BCX0\" style=\"margin: 0px; padding: 0px; user-select: text; -webkit-user-drag: none; -webkit-tap-highlight-color: transparent;\">\u00a02020<\/span><\/span><span class=\"EOP SCXW229311213 BCX0\" style=\"margin: 0px; padding: 0px; user-select: text; -webkit-user-drag: none; -webkit-tap-highlight-color: transparent; font-size: 12pt; line-height: 20.5042px; font-family: 'Calibri Light', 'Calibri Light_EmbeddedFont', 'Calibri Light_MSFontService', sans-serif;\" data-ccp-props=\"{&quot;134233279&quot;:true}\">\u00a0<\/span><\/p><\/li><\/ul><\/div><div class=\"OutlineElement Ltr  BCX0 SCXW229311213\" style=\"margin: 0px; padding: 0px; user-select: text; -webkit-user-drag: none; -webkit-tap-highlight-color: transparent; overflow: visible; cursor: text; clear: both; position: relative; direction: ltr; color: #000000; font-family: 'Calibri Light', 'Calibri Light_MSFontService', sans-serif;\"><p class=\"Paragraph SCXW229311213 BCX0\" style=\"margin-right: 0px; margin-bottom: 0px; margin-left: 0px; padding: 0px; user-select: text; -webkit-user-drag: none; -webkit-tap-highlight-color: transparent; overflow-wrap: break-word; vertical-align: baseline; font-kerning: none; background-color: transparent; color: windowtext; text-align: justify;\"><span class=\"TextRun SCXW229311213 BCX0\" lang=\"FR-FR\" style=\"margin: 0px; padding: 0px; user-select: text; -webkit-user-drag: none; -webkit-tap-highlight-color: transparent; font-variant-ligatures: none !important; font-size: 12pt; line-height: 20.5042px; font-family: 'Calibri Light', 'Calibri Light_EmbeddedFont', 'Calibri Light_MSFontService', sans-serif;\" xml:lang=\"FR-FR\" data-contrast=\"auto\"><span class=\"NormalTextRun SCXW229311213 BCX0\" style=\"margin: 0px; padding: 0px; user-select: text; -webkit-user-drag: none; -webkit-tap-highlight-color: transparent;\">Le d\u00e9veloppement urbain op\u00e9r\u00e9 entre 2010 et 2020 a caus\u00e9 un d\u00e9veloppement de l\u2019artificialisation des terres. Totalisant 260 hectares d\u2019urbanisation nouvelle,\u00a0<\/span><span class=\"NormalTextRun SCXW229311213 BCX0\" style=\"margin: 0px; padding: 0px; user-select: text; -webkit-user-drag: none; -webkit-tap-highlight-color: transparent;\">la principale vocation de cette consommation d\u2019espace est port\u00e9e par l\u2019habitat (76%), suivi de l\u2019\u00e9conomie (17%) et enfin les \u00e9quipements (6%).\u00a0<\/span><\/span><span class=\"EOP BookmarkStart BookmarkEnd SCXW229311213 BCX0\" style=\"margin: 0px; padding: 0px; user-select: text; -webkit-user-drag: none; -webkit-tap-highlight-color: transparent; font-size: 12pt; line-height: 20.5042px; font-family: 'Calibri Light', 'Calibri Light_EmbeddedFont', 'Calibri Light_MSFontService', sans-serif;\" data-ccp-props=\"{&quot;335551550&quot;:6,&quot;335551620&quot;:6}\">\u00a0<\/span><\/p><\/div>\t\t\t\t\t\t<\/div>\n\t\t\t\t<\/div>\n\t\t\t\t<div class=\"elementor-element elementor-element-ba31ad1 elementor-widget elementor-widget-jet-carousel\" data-id=\"ba31ad1\" data-element_type=\"widget\" data-widget_type=\"jet-carousel.default\">\n\t\t\t\t<div class=\"elementor-widget-container\">\n\t\t\t<div class=\"elementor-jet-carousel jet-elements\"><div class=\"jet-carousel-wrap\">\n\t<div class=\"jet-carousel\" data-slider_options=\"{&quot;slidesToShow&quot;:{&quot;desktop&quot;:2,&quot;tablet&quot;:0,&quot;mobile&quot;:0},&quot;autoplaySpeed&quot;:5000,&quot;autoplay&quot;:true,&quot;infinite&quot;:true,&quot;centerMode&quot;:false,&quot;pauseOnHover&quot;:false,&quot;speed&quot;:500,&quot;arrows&quot;:true,&quot;dots&quot;:false,&quot;slidesToScroll&quot;:1,&quot;variableWidth&quot;:false,&quot;prevArrow&quot;:&quot;.jet-carousel__prev-arrow-ba31ad1&quot;,&quot;nextArrow&quot;:&quot;.jet-carousel__next-arrow-ba31ad1&quot;,&quot;rtl&quot;:false}\" dir=\"ltr\">\n\t<div class=\"elementor-slick-slider\">\n<div class=\"jet-carousel__item\">\n\t<div class=\"jet-carousel__item-inner\"><a href=\"#\" class=\"jet-carousel__item-link\" ><img decoding=\"async\" src=\"https:\/\/scot.capexcellence.net\/wp-content\/uploads\/2021\/03\/Consommation-despaces-2010-2020.png\" class=\"jet-carousel__item-img\" alt=\"Consommation d&#039;espaces 2010 2020\" loading=\"lazy\"><\/a><div class=\"jet-carousel__content\"><h5 class=\"jet-carousel__item-title\">Consommation d'espace 2010 -2020<\/h5><\/div><\/div>\n<\/div>\n<\/div><div class=\"jet-carousel__prev-arrow-ba31ad1 jet-arrow prev-arrow\"><i aria-hidden=\"true\" class=\"fas fa-angle-left\"><\/i><\/div><div class=\"jet-carousel__next-arrow-ba31ad1 jet-arrow next-arrow\"><i aria-hidden=\"true\" class=\"fas fa-angle-right\"><\/i><\/div><\/div>\n<\/div>\n<\/div>\t\t<\/div>\n\t\t\t\t<\/div>\n\t\t\t\t\t<\/div>\n\t\t<\/div>\n\t\t\t\t\t\t\t<\/div>\n\t\t<\/section>\n\t\t\t\t\t\t<\/div>\n\t\t\t\t\t<\/div>\n\t\t","protected":false},"excerpt":{"rendered":"<p>Consommation d\u2019espace 2010\u00a0\u2013\u00a02020\u00a0 Le d\u00e9veloppement urbain op\u00e9r\u00e9 entre 2010 et 2020 a caus\u00e9 un d\u00e9veloppement de l\u2019artificialisation des terres. Totalisant 260 hectares d\u2019urbanisation nouvelle,\u00a0la principale vocation de cette consommation d\u2019espace est port\u00e9e par l\u2019habitat (76%), suivi de l\u2019\u00e9conomie (17%) et enfin les \u00e9quipements (6%).\u00a0\u00a0 Consommation d&rsquo;espace 2010 -2020<\/p>\n","protected":false},"author":3,"featured_media":0,"parent":0,"menu_order":0,"comment_status":"closed","ping_status":"closed","template":"","meta":{"footnotes":""},"class_list":["post-1059","page","type-page","status-publish","hentry"],"_links":{"self":[{"href":"https:\/\/scot.capexcellence.net\/index.php\/wp-json\/wp\/v2\/pages\/1059","targetHints":{"allow":["GET"]}}],"collection":[{"href":"https:\/\/scot.capexcellence.net\/index.php\/wp-json\/wp\/v2\/pages"}],"about":[{"href":"https:\/\/scot.capexcellence.net\/index.php\/wp-json\/wp\/v2\/types\/page"}],"author":[{"embeddable":true,"href":"https:\/\/scot.capexcellence.net\/index.php\/wp-json\/wp\/v2\/users\/3"}],"replies":[{"embeddable":true,"href":"https:\/\/scot.capexcellence.net\/index.php\/wp-json\/wp\/v2\/comments?post=1059"}],"version-history":[{"count":9,"href":"https:\/\/scot.capexcellence.net\/index.php\/wp-json\/wp\/v2\/pages\/1059\/revisions"}],"predecessor-version":[{"id":1069,"href":"https:\/\/scot.capexcellence.net\/index.php\/wp-json\/wp\/v2\/pages\/1059\/revisions\/1069"}],"wp:attachment":[{"href":"https:\/\/scot.capexcellence.net\/index.php\/wp-json\/wp\/v2\/media?parent=1059"}],"curies":[{"name":"wp","href":"https:\/\/api.w.org\/{rel}","templated":true}]}}