{"id":1039,"date":"2021-10-27T02:02:47","date_gmt":"2021-10-27T00:02:47","guid":{"rendered":"https:\/\/scot.capexcellence.net\/?page_id=1039"},"modified":"2021-10-27T02:02:47","modified_gmt":"2021-10-27T00:02:47","slug":"contact","status":"publish","type":"page","link":"https:\/\/scot.capexcellence.net\/index.php\/contact\/","title":{"rendered":"Contact"},"content":{"rendered":"\t\t<div data-elementor-type=\"wp-page\" data-elementor-id=\"1039\" class=\"elementor elementor-1039\" data-elementor-settings=\"[]\">\n\t\t\t\t\t\t\t<div class=\"elementor-section-wrap\">\n\t\t\t\t\t\t\t<section class=\"elementor-section elementor-top-section elementor-element elementor-element-74d044f elementor-section-boxed elementor-section-height-default elementor-section-height-default\" data-id=\"74d044f\" data-element_type=\"section\">\n\t\t\t\t\t\t<div class=\"elementor-container elementor-column-gap-default\">\n\t\t\t\t\t<div class=\"elementor-column elementor-col-100 elementor-top-column elementor-element elementor-element-4adee8a\" data-id=\"4adee8a\" data-element_type=\"column\">\n\t\t\t<div class=\"elementor-widget-wrap elementor-element-populated\">\n\t\t\t\t\t\t\t\t<div class=\"elementor-element elementor-element-bbc2b06 elementor-widget elementor-widget-raven-form\" data-id=\"bbc2b06\" data-element_type=\"widget\" data-settings=\"{&quot;fields&quot;:[{&quot;_id&quot;:&quot;5ccdeed&quot;,&quot;label&quot;:&quot;Sujet&quot;,&quot;placeholder&quot;:null,&quot;acceptance_text&quot;:null,&quot;type&quot;:&quot;select&quot;,&quot;field_options&quot;:&quot;Am\\u00e9nagement du territoire\\nPr\\u00e9servation des milieux ( paysages, bio-diversit\\u00e9s,eau )\\nHabitat\\\/Cadre de vie\\nMobilit\\u00e9\\\/Transport\\nGestion du risque\\nD\\u00e9veloppement \\u00e9conomique( tourisme, artisanat, agriculture )\\n&quot;,&quot;recaptcha_badge&quot;:null,&quot;recaptcha_theme&quot;:null,&quot;recaptcha_size&quot;:null,&quot;checked_by_default&quot;:null,&quot;min_time&quot;:null,&quot;max_time&quot;:null,&quot;min_date&quot;:null,&quot;max_date&quot;:null,&quot;localization&quot;:null,&quot;min&quot;:null,&quot;max&quot;:null,&quot;inline_list&quot;:null,&quot;native_html5&quot;:null,&quot;multiple_selection&quot;:&quot;&quot;,&quot;rows&quot;:null,&quot;required&quot;:&quot;&quot;,&quot;width&quot;:&quot;100&quot;,&quot;width_tablet&quot;:&quot;&quot;,&quot;width_mobile&quot;:&quot;&quot;},{&quot;label&quot;:&quot;Nom&quot;,&quot;placeholder&quot;:&quot;Nom&quot;,&quot;_id&quot;:&quot;f2a3738&quot;,&quot;acceptance_text&quot;:null,&quot;type&quot;:&quot;text&quot;,&quot;recaptcha_badge&quot;:null,&quot;recaptcha_theme&quot;:null,&quot;recaptcha_size&quot;:null,&quot;checked_by_default&quot;:null,&quot;min_time&quot;:null,&quot;max_time&quot;:null,&quot;min_date&quot;:null,&quot;max_date&quot;:null,&quot;localization&quot;:null,&quot;min&quot;:null,&quot;max&quot;:null,&quot;field_options&quot;:null,&quot;inline_list&quot;:null,&quot;native_html5&quot;:null,&quot;multiple_selection&quot;:null,&quot;rows&quot;:null,&quot;required&quot;:&quot;&quot;,&quot;width&quot;:&quot;100&quot;,&quot;width_tablet&quot;:&quot;&quot;,&quot;width_mobile&quot;:&quot;&quot;},{&quot;label&quot;:&quot;Pr\\u00e9nom&quot;,&quot;placeholder&quot;:&quot;Pr\\u00e9nom&quot;,&quot;acceptance_text&quot;:null,&quot;_id&quot;:&quot;d67f973&quot;,&quot;type&quot;:&quot;text&quot;,&quot;recaptcha_badge&quot;:null,&quot;recaptcha_theme&quot;:null,&quot;recaptcha_size&quot;:null,&quot;checked_by_default&quot;:null,&quot;min_time&quot;:null,&quot;max_time&quot;:null,&quot;min_date&quot;:null,&quot;max_date&quot;:null,&quot;localization&quot;:null,&quot;min&quot;:null,&quot;max&quot;:null,&quot;field_options&quot;:null,&quot;inline_list&quot;:null,&quot;native_html5&quot;:null,&quot;multiple_selection&quot;:null,&quot;rows&quot;:null,&quot;required&quot;:&quot;&quot;,&quot;width&quot;:&quot;100&quot;,&quot;width_tablet&quot;:&quot;&quot;,&quot;width_mobile&quot;:&quot;&quot;},{&quot;label&quot;:&quot;Email&quot;,&quot;type&quot;:&quot;email&quot;,&quot;placeholder&quot;:&quot;Email&quot;,&quot;required&quot;:&quot;true&quot;,&quot;_id&quot;:&quot;96dd0c4&quot;,&quot;acceptance_text&quot;:null,&quot;recaptcha_badge&quot;:null,&quot;recaptcha_theme&quot;:null,&quot;recaptcha_size&quot;:null,&quot;checked_by_default&quot;:null,&quot;min_time&quot;:null,&quot;max_time&quot;:null,&quot;min_date&quot;:null,&quot;max_date&quot;:null,&quot;localization&quot;:null,&quot;min&quot;:null,&quot;max&quot;:null,&quot;field_options&quot;:null,&quot;inline_list&quot;:null,&quot;native_html5&quot;:null,&quot;multiple_selection&quot;:null,&quot;rows&quot;:null,&quot;width&quot;:&quot;100&quot;,&quot;width_tablet&quot;:&quot;&quot;,&quot;width_mobile&quot;:&quot;&quot;},{&quot;label&quot;:&quot;Donnez-nous votre avis ...&quot;,&quot;type&quot;:&quot;textarea&quot;,&quot;placeholder&quot;:&quot;Donnez-nous votre avis ...&quot;,&quot;_id&quot;:&quot;989710c&quot;,&quot;acceptance_text&quot;:null,&quot;required&quot;:&quot;true&quot;,&quot;recaptcha_badge&quot;:null,&quot;recaptcha_theme&quot;:null,&quot;recaptcha_size&quot;:null,&quot;checked_by_default&quot;:null,&quot;min_time&quot;:null,&quot;max_time&quot;:null,&quot;min_date&quot;:null,&quot;max_date&quot;:null,&quot;localization&quot;:null,&quot;min&quot;:null,&quot;max&quot;:null,&quot;field_options&quot;:null,&quot;inline_list&quot;:null,&quot;native_html5&quot;:null,&quot;multiple_selection&quot;:null,&quot;rows&quot;:5,&quot;width&quot;:&quot;100&quot;,&quot;width_tablet&quot;:&quot;&quot;,&quot;width_mobile&quot;:&quot;&quot;}]}\" data-widget_type=\"raven-form.default\">\n\t\t\t\t<div class=\"elementor-widget-container\">\n\t\t\t\t\t<form class=\"raven-form raven-flex raven-flex-wrap raven-flex-bottom raven-hide-required-mark\" method=\"post\" name=\"New form\">\n\t\t\t<input type=\"hidden\" name=\"post_id\" value=\"1039\" \/>\n\t\t\t<input type=\"hidden\" name=\"form_id\" value=\"bbc2b06\" \/>\n\t\t\t\t\t<div id=\"raven-field-group-5ccdeed\" class=\"raven-flex-wrap raven-field-type-select raven-field-group elementor-column elementor-col-100\">\n\t\t\t\t\t<label\n\t\t\tfor=\"form-field-5ccdeed\"\n\t\t\tclass=\"raven-field-label\">\n\t\t\tSujet\t\t\t<\/label>\n\t\t\t\t<div class=\"raven-field-subgroup\">\n\t\t<i aria-hidden=\"true\" class=\"raven-field-select-arrow fas fa-angle-down\"><\/i><select oninput=\"onInvalidRavenFormField(event)\" oninvalid=\"onInvalidRavenFormField(event)\" type=\"select\" name=\"fields[5ccdeed]\" id=\"form-field-5ccdeed\" class=\"raven-field\" placeholder=\"\" data-type=\"select\"><option value=\"Am\u00e9nagement du territoire\">Am\u00e9nagement du territoire<\/option><option value=\"Pr\u00e9servation des milieux ( paysages, bio-diversit\u00e9s,eau )\">Pr\u00e9servation des milieux ( paysages, bio-diversit\u00e9s,eau )<\/option><option value=\"Habitat\/Cadre de vie\">Habitat\/Cadre de vie<\/option><option value=\"Mobilit\u00e9\/Transport\">Mobilit\u00e9\/Transport<\/option><option value=\"Gestion du risque\">Gestion du risque<\/option><option value=\"D\u00e9veloppement \u00e9conomique( tourisme, artisanat, agriculture )\">D\u00e9veloppement \u00e9conomique( tourisme, artisanat, agriculture )<\/option><\/select><\/div>\t\t<\/div>\n\t\t\t\t<div id=\"raven-field-group-f2a3738\" class=\"raven-flex-wrap raven-field-type-text raven-field-group elementor-column elementor-col-100\">\n\t\t\t\t\t<label\n\t\t\tfor=\"form-field-f2a3738\"\n\t\t\tclass=\"raven-field-label\">\n\t\t\tNom\t\t\t<\/label>\n\t\t\t\t<input\n\t\t\toninput=\"onInvalidRavenFormField(event)\"\n\t\t\toninvalid=\"onInvalidRavenFormField(event)\"\n\t\t\ttype=\"text\" name=\"fields[f2a3738]\" id=\"form-field-f2a3738\" class=\"raven-field\" placeholder=\"Nom\" data-type=\"text\">\n\t\t\t\t<\/div>\n\t\t\t\t<div id=\"raven-field-group-d67f973\" class=\"raven-flex-wrap raven-field-type-text raven-field-group elementor-column elementor-col-100\">\n\t\t\t\t\t<label\n\t\t\tfor=\"form-field-d67f973\"\n\t\t\tclass=\"raven-field-label\">\n\t\t\tPr\u00e9nom\t\t\t<\/label>\n\t\t\t\t<input\n\t\t\toninput=\"onInvalidRavenFormField(event)\"\n\t\t\toninvalid=\"onInvalidRavenFormField(event)\"\n\t\t\ttype=\"text\" name=\"fields[d67f973]\" id=\"form-field-d67f973\" class=\"raven-field\" placeholder=\"Pr\u00e9nom\" data-type=\"text\">\n\t\t\t\t<\/div>\n\t\t\t\t<div id=\"raven-field-group-96dd0c4\" class=\"raven-flex-wrap raven-field-type-email raven-field-group elementor-column elementor-col-100 raven-field-required\">\n\t\t\t\t\t<label\n\t\t\tfor=\"form-field-96dd0c4\"\n\t\t\tclass=\"raven-field-label\">\n\t\t\tEmail\t\t\t<\/label>\n\t\t\t\t<input\n\t\t\toninput=\"onInvalidRavenFormField(event)\"\n\t\t\toninvalid=\"onInvalidRavenFormField(event)\"\n\t\t\ttype=\"email\" name=\"fields[96dd0c4]\" id=\"form-field-96dd0c4\" class=\"raven-field\" placeholder=\"Email\" data-type=\"email\" required=\"required\">\n\t\t\t\t<\/div>\n\t\t\t\t<div id=\"raven-field-group-989710c\" class=\"raven-flex-wrap raven-field-type-textarea raven-field-group elementor-column elementor-col-100 raven-field-required\">\n\t\t\t\t\t<label\n\t\t\tfor=\"form-field-989710c\"\n\t\t\tclass=\"raven-field-label\">\n\t\t\tDonnez-nous votre avis ...\t\t\t<\/label>\n\t\t\t\t<textarea\n\t\t\toninput=\"onInvalidRavenFormField(event)\"\n\t\t\toninvalid=\"onInvalidRavenFormField(event)\"\n\t\t\ttype=\"textarea\" name=\"fields[989710c]\" id=\"form-field-989710c\" class=\"raven-field\" placeholder=\"Donnez-nous votre avis ...\" data-type=\"textarea\" required=\"required\"\t\t\trows=\"5\"><\/textarea>\n\t\t\t\t<\/div>\n\t\t\t\t\t<div class=\"raven-field-group raven-field-type-submit-button elementor-column elementor-col-100 justify\">\n\t\t\t\t<button type=\"submit\" class=\"raven-submit-button\">\n\t\t\t\t\t\t\t\t\t\t<span>Send<\/span>\n\t\t\t\t<\/button>\n\t\t\t<\/div>\n\t\t<\/form>\n\n\t\t\t\t<\/div>\n\t\t\t\t<\/div>\n\t\t\t\t\t<\/div>\n\t\t<\/div>\n\t\t\t\t\t\t\t<\/div>\n\t\t<\/section>\n\t\t\t\t\t\t<\/div>\n\t\t\t\t\t<\/div>\n\t\t","protected":false},"excerpt":{"rendered":"<p>Sujet Am\u00e9nagement du territoirePr\u00e9servation des milieux ( paysages, bio-diversit\u00e9s,eau )Habitat\/Cadre de vieMobilit\u00e9\/TransportGestion du risqueD\u00e9veloppement \u00e9conomique( tourisme, artisanat, agriculture ) Nom Pr\u00e9nom Email Donnez-nous votre avis &#8230; Send<\/p>\n","protected":false},"author":3,"featured_media":0,"parent":0,"menu_order":0,"comment_status":"closed","ping_status":"closed","template":"","meta":{"footnotes":""},"class_list":["post-1039","page","type-page","status-publish","hentry"],"_links":{"self":[{"href":"https:\/\/scot.capexcellence.net\/index.php\/wp-json\/wp\/v2\/pages\/1039","targetHints":{"allow":["GET"]}}],"collection":[{"href":"https:\/\/scot.capexcellence.net\/index.php\/wp-json\/wp\/v2\/pages"}],"about":[{"href":"https:\/\/scot.capexcellence.net\/index.php\/wp-json\/wp\/v2\/types\/page"}],"author":[{"embeddable":true,"href":"https:\/\/scot.capexcellence.net\/index.php\/wp-json\/wp\/v2\/users\/3"}],"replies":[{"embeddable":true,"href":"https:\/\/scot.capexcellence.net\/index.php\/wp-json\/wp\/v2\/comments?post=1039"}],"version-history":[{"count":1,"href":"https:\/\/scot.capexcellence.net\/index.php\/wp-json\/wp\/v2\/pages\/1039\/revisions"}],"predecessor-version":[{"id":1040,"href":"https:\/\/scot.capexcellence.net\/index.php\/wp-json\/wp\/v2\/pages\/1039\/revisions\/1040"}],"wp:attachment":[{"href":"https:\/\/scot.capexcellence.net\/index.php\/wp-json\/wp\/v2\/media?parent=1039"}],"curies":[{"name":"wp","href":"https:\/\/api.w.org\/{rel}","templated":true}]}}